{"id":121,"date":"2024-03-26T09:55:29","date_gmt":"2024-03-26T08:55:29","guid":{"rendered":"https:\/\/mymedireg.de\/?page_id=121"},"modified":"2024-04-16T16:11:38","modified_gmt":"2024-04-16T14:11:38","slug":"impressum","status":"publish","type":"page","link":"https:\/\/mymedireg.de\/index.php\/impressum\/","title":{"rendered":"Impressum"},"content":{"rendered":"\n<p>Diese Website wird gemeinsam betrieben von:<\/p>\n\n\n\n<div class=\"wp-block-columns is-layout-flex wp-container-core-columns-is-layout-1 wp-block-columns-is-layout-flex\">\n<div class=\"wp-block-column is-layout-flow wp-block-column-is-layout-flow\">\n<p>Quantum Insights GmbH<br>Am Sonnenrain 12<br>79589 Binzen<br>Tel: +49 151 511 39203<br>E-Mail: <a href=\"mailto:paul.suffel@quantum-insights.de\">paul.suffel@quantum-insights.de<\/a><\/p>\n\n\n\n<p><strong>Registereintrag:<\/strong><br>Eingetragen im Handelsregister<br>Registergericht: Amtsgericht Freiburg im Breisgau<br>Registernummer: 729202<\/p>\n\n\n\n<p><strong>Vertreten durch:<\/strong><\/p>\n\n\n\n<p>Paul Georg Suffel (Gesch\u00e4ftsf\u00fchrer)<\/p>\n\n\n\n<p><strong>Umsatzsteuer-ID:<\/strong><br>Umsatzsteuer-Identifikationsnummer nach \u00a727a Umsatzsteuergesetz:<br>DE363980825<\/p>\n\n\n\n<figure class=\"wp-block-image aligncenter size-medium is-resized is-style-default\"><img loading=\"lazy\" decoding=\"async\" width=\"300\" height=\"225\" src=\"https:\/\/mymedireg.de\/wp-content\/uploads\/2024\/03\/QI-White-logo-2400x1800-1-300x225.jpeg\" alt=\"Quantum Insights GmbH\" class=\"wp-image-129\" style=\"aspect-ratio:1;object-fit:cover;width:150px;height:auto\" srcset=\"https:\/\/mymedireg.de\/wp-content\/uploads\/2024\/03\/QI-White-logo-2400x1800-1-300x225.jpeg 300w, https:\/\/mymedireg.de\/wp-content\/uploads\/2024\/03\/QI-White-logo-2400x1800-1-1024x768.jpeg 1024w, https:\/\/mymedireg.de\/wp-content\/uploads\/2024\/03\/QI-White-logo-2400x1800-1-768x576.jpeg 768w, https:\/\/mymedireg.de\/wp-content\/uploads\/2024\/03\/QI-White-logo-2400x1800-1-1536x1152.jpeg 1536w, https:\/\/mymedireg.de\/wp-content\/uploads\/2024\/03\/QI-White-logo-2400x1800-1-2048x1536.jpeg 2048w\" sizes=\"(max-width: 300px) 100vw, 300px\" \/><\/figure>\n<\/div>\n\n\n\n<div class=\"wp-block-column is-vertically-aligned-center is-layout-flow wp-block-column-is-layout-flow\">\n<p>Medikonzept GmbH<br>Gem\u00fcndener Str. 15 &#8211; 17<br>97753 Karlstadt<br>Telefon: +49 15151541270<br>E-Mail:&nbsp;<a href=\"mailto:info@medikonzept.de\">info@medikonzept.de<\/a><\/p>\n\n\n\n<p><strong>Registereintrag:<\/strong><br>Eingetragen im Handelsregister<br>Registergericht: W\u00fcrzburg<br>Registernummer: 16553<\/p>\n\n\n\n<p><strong>Vertreten durch:<\/strong><\/p>\n\n\n\n<p>Dr. Johannes Kromczynski (Gesch\u00e4ftsf\u00fchrer)<\/p>\n\n\n\n<p><strong>Umsatzsteuer-ID:<\/strong><br>Umsatzsteuer-Identifikationsnummer nach \u00a727a Umsatzsteuergesetz:<br>DE12ZZZ00000076365<\/p>\n\n\n\n<figure class=\"wp-block-image aligncenter size-large is-resized\"><img loading=\"lazy\" decoding=\"async\" width=\"1024\" height=\"1007\" src=\"https:\/\/mymedireg.de\/wp-content\/uploads\/2024\/03\/cropped-image-1-1024x1007.png\" alt=\"MediKonzept GmbH\" class=\"wp-image-131\" style=\"object-fit:cover;width:150px;height:150px\" srcset=\"https:\/\/mymedireg.de\/wp-content\/uploads\/2024\/03\/cropped-image-1-1024x1007.png 1024w, https:\/\/mymedireg.de\/wp-content\/uploads\/2024\/03\/cropped-image-1-300x295.png 300w, https:\/\/mymedireg.de\/wp-content\/uploads\/2024\/03\/cropped-image-1-768x755.png 768w, https:\/\/mymedireg.de\/wp-content\/uploads\/2024\/03\/cropped-image-1.png 1159w\" sizes=\"(max-width: 1024px) 100vw, 1024px\" \/><\/figure>\n<\/div>\n<\/div>\n\n\n\n<h1 class=\"wp-block-heading\">Disclaimer &#8211; rechtliche Hinweise<\/h1>\n\n\n\n<p><strong>Auskunfts- und Widerrufsrecht<\/strong><\/p>\n\n\n\n<p>Sie haben jederzeit das Recht, sich unentgeltlich und unverz\u00fcglich \u00fcber die zu Ihrer Person erhobenen Daten zu erkundigen. Ebenfalls k\u00f6nnen Sie Ihre Zustimmung zur Verwendung Ihrer angegebenen pers\u00f6nlichen Daten mit Wirkung f\u00fcr die Zukunft widerrufen. Hierf\u00fcr wenden Sie sich bitte an den im Impressum angegebenen Diensteanbieter.<\/p>\n\n\n\n<p><strong>Datenschutz (allgemein)<\/strong><\/p>\n\n\n\n<p>Beim Zugriff auf unsere Webseite werden automatisch allgemeine Informationen (sog. Server-Logfiles) erfasst. Diese beinhalten u.a. den von Ihnen verwendeten Webbrowser sowie Ihr Betriebssystem und Ihren Internet Service Provider. Diese Daten lassen keinerlei R\u00fcckschl\u00fcsse auf Ihre Person zu und werden von uns statistisch ausgewertet, um unseren Internetauftritt technisch und inhaltlich zu verbessern. Das Erfassen dieser Informationen ist notwendig, um den Inhalt der Webseite korrekt ausliefern zu k\u00f6nnen.<\/p>\n\n\n\n<p>Die Nutzung der Webseite ist grunds\u00e4tzlich ohne Angabe personenbezogener Daten m\u00f6glich. Soweit personenbezogene Daten (beispielsweise Name, Anschrift oder E-Mail-Adressen) erhoben werden, erfolgt dies, soweit m\u00f6glich, stets auf freiwilliger Basis. Diese Daten werden ohne Ihre ausdr\u00fcckliche Zustimmung nicht an Dritte weitergegeben.<\/p>\n\n\n\n<p>Sofern ein Vertragsverh\u00e4ltnis begr\u00fcndet, inhaltlich ausgestaltet oder ge\u00e4ndert werden soll oder Sie an uns eine Anfrage stellen, erheben und verwenden wir personenbezogene Daten von Ihnen, soweit dies zu diesem Zwecke erforderlich ist (Bestandsdaten). Wir erheben, verarbeiten und nutzen personenbezogene Daten soweit dies erforderlich ist, um Ihnen die Inanspruchnahme des Webangebots zu erm\u00f6glichen (Nutzungsdaten). S\u00e4mtliche personenbezogenen Daten werden nur solange gespeichert wie dies f\u00fcr den genannten Zweck (Bearbeitung Ihrer Anfrage oder Abwicklung eines Vertrags) erforderlich ist. Hierbei werden steuer- und handelsrechtliche Aufbewahrungsfristen von uns ber\u00fccksichtigt. Auf Anordnung der zust\u00e4ndigen Stellen m\u00fcssen wir im Einzelfall Auskunft \u00fcber diese Daten (Bestandsdaten) erteilen, soweit dies f\u00fcr Zwecke der Strafverfolgung, zur Gefahrenabwehr, zur Erf\u00fcllung der gesetzlichen Aufgaben der Verfassungsschutzbeh\u00f6rden oder des Milit\u00e4rischen Abschirmdienstes oder zur Durchsetzung der Rechte am geistigen Eigentum erforderlich ist.<\/p>\n\n\n\n<p>Wir weisen ausdr\u00fccklich darauf hin, dass die Daten\u00fcbertragung im Internet (z. B. bei der Kommunikation per E-Mail) Sicherheitsl\u00fccken aufweisen kann. Vor dem Zugriff auf Daten kann nicht l\u00fcckenlos gesch\u00fctzt werden.<\/p>\n\n\n\n<p>Die Nutzung von im Rahmen der Impressumspflicht ver\u00f6ffentlichten Kontaktdaten durch Dritte zur \u00dcbersendung von nicht ausdr\u00fccklich angeforderter Werbung und Informationsmaterialien wird hiermit ausdr\u00fccklich untersagt. Ausgenommen hiervon sind bestehende Gesch\u00e4ftsbeziehungen bzw. es liegt Ihnen eine entsprechende Einwilligung von uns vor.<\/p>\n\n\n\n<p>Die Anbieter und alle auf dieser Website genannten Dritten behalten sich ausdr\u00fccklich rechtliche Schritte im Falle der unverlangten Zusendung von Werbeinformationen vor. Gleiches gilt f\u00fcr die kommerzielle Verwendung und Weitergabe der Daten.<\/p>\n\n\n\n<p><strong>Disclaimer (Haftungsausschluss)<\/strong><\/p>\n\n\n\n<p><strong>1. Haftung f\u00fcr Inhalte<\/strong><\/p>\n\n\n\n<p>Als Diensteanbieter sind wir gem\u00e4\u00df \u00a7 7 Abs. 1 TMG f\u00fcr eigene Inhalte auf diesen Seiten nach den allgemeinen Gesetzen verantwortlich. Nach \u00a7\u00a7 8 bis 10 TMG sind wir als Diensteanbieter jedoch nicht verpflichtet, \u00fcbermittelte oder gespeicherte fremde Informationen zu \u00fcberwachen oder nach Umst\u00e4nden zu forschen, die auf eine rechtswidrige T\u00e4tigkeit hinweisen. Verpflichtungen zur Entfernung oder Sperrung der Nutzung von Informationen nach den allgemeinen Gesetzen bleiben hiervon unber\u00fchrt. Eine diesbez\u00fcgliche Haftung ist jedoch erst ab dem Zeitpunkt der Kenntnis einer konkreten Rechtsverletzung m\u00f6glich. Bei Bekanntwerden von entsprechenden Rechtsverletzungen werden wir diese Inhalte umgehend entfernen.<\/p>\n\n\n\n<p><strong>2. Haftung f\u00fcr Links<\/strong><\/p>\n\n\n\n<p>Diese Website enth\u00e4lt Links zu externen Webseiten Dritter, auf deren Inhalte kein Einfluss genommen werden kann. Deshalb kann f\u00fcr diese fremden Inhalte auch keine Gew\u00e4hr \u00fcbernommen werden. F\u00fcr die Inhalte der verlinkten Seiten ist stets der jeweilige Anbieter oder Betreiber der Seiten verantwortlich. Die verlinkten Seiten wurden zum Zeitpunkt der Verlinkung auf m\u00f6gliche Rechtsverst\u00f6\u00dfe \u00fcberpr\u00fcft. Rechtswidrige Inhalte waren zum Zeitpunkt der Verlinkung nicht erkennbar. Eine permanente inhaltliche Kontrolle der verlinkten Seiten ist jedoch ohne konkrete Anhaltspunkte einer Rechtsverletzung nicht zumutbar. Bei Bekanntwerden von Rechtsverletzungen werden derartige Links umgehend von dieser Website auf die rechtsverletzende Site entfernen.<\/p>\n\n\n\n<p><strong>3. Urheberrecht<\/strong><\/p>\n\n\n\n<p>Die durch die Diensteanbieter, deren Mitarbeiter und beauftragte Dritte erstellten Inhalte und Werke auf diesen Seiten unterliegen dem deutschen Urheberrecht. Die Vervielf\u00e4ltigung, Bearbeitung, Verbreitung und jede Art der Verwertung au\u00dferhalb der Grenzen des Urheberrechtes bed\u00fcrfen der vorherigen schriftlichen Zustimmung des jeweiligen Autors bzw. Erstellers. Downloads und Kopien dieser Seite sind nur f\u00fcr den privaten, nicht kommerziellen Gebrauch gestattet. Soweit die Inhalte auf dieser Seite nicht vom Betreiber erstellt wurden, werden die Urheberrechte Dritter beachtet. Insbesondere werden Inhalte Dritter als solche gekennzeichnet. Sollten Sie trotzdem auf eine Urheberrechtsverletzung aufmerksam werden, bitten wir um einen entsprechenden Hinweis. Bei Bekanntwerden von Rechtsverletzungen werden derartige Inhalte umgehend entfernen.<\/p>\n\n\n\n<p>Dieses Impressum wurde mit Hilfe des&nbsp;<a target=\"_blank\" href=\"http:\/\/www.hensche.de\/impressum-generator.html\" rel=\"noreferrer noopener\">Impressum-Generators<\/a>&nbsp;von&nbsp;<a target=\"_blank\" href=\"http:\/\/www.hensche.de\/Rechtsanwalt_Arbeitsrecht_Stuttgart.html\" rel=\"noreferrer noopener\">HENSCHE Rechtsanw\u00e4lte, Stuttgart<\/a>&nbsp;erstellt.<\/p>\n","protected":false},"excerpt":{"rendered":"<p>Diese Website wird gemeinsam betrieben von: Quantum Insights GmbHAm Sonnenrain 1279589 BinzenTel: +49 151 511 39203E-Mail: paul.suffel@quantum-insights.de Registereintrag:Eingetragen im HandelsregisterRegistergericht: [&hellip;]<\/p>\n","protected":false},"author":1,"featured_media":0,"parent":0,"menu_order":0,"comment_status":"closed","ping_status":"closed","template":"","meta":{"site-sidebar-layout":"default","site-content-layout":"","ast-site-content-layout":"","site-content-style":"default","site-sidebar-style":"default","ast-global-header-display":"","ast-banner-title-visibility":"","ast-main-header-display":"","ast-hfb-above-header-display":"","ast-hfb-below-header-display":"","ast-hfb-mobile-header-display":"","site-post-title":"","ast-breadcrumbs-content":"","ast-featured-img":"","footer-sml-layout":"","theme-transparent-header-meta":"","adv-header-id-meta":"","stick-header-meta":"","header-above-stick-meta":"","header-main-stick-meta":"","header-below-stick-meta":"","astra-migrate-meta-layouts":"default","ast-page-background-enabled":"default","ast-page-background-meta":{"desktop":{"background-color":"var(--ast-global-color-4)","background-image":"","background-repeat":"repeat","background-position":"center center","background-size":"auto","background-attachment":"scroll","background-type":"","background-media":"","overlay-type":"","overlay-color":"","overlay-gradient":""},"tablet":{"background-color":"","background-image":"","background-repeat":"repeat","background-position":"center center","background-size":"auto","background-attachment":"scroll","background-type":"","background-media":"","overlay-type":"","overlay-color":"","overlay-gradient":""},"mobile":{"background-color":"","background-image":"","background-repeat":"repeat","background-position":"center center","background-size":"auto","background-attachment":"scroll","background-type":"","background-media":"","overlay-type":"","overlay-color":"","overlay-gradient":""}},"ast-content-background-meta":{"desktop":{"background-color":"var(--ast-global-color-5)","background-image":"","background-repeat":"repeat","background-position":"center center","background-size":"auto","background-attachment":"scroll","background-type":"","background-media":"","overlay-type":"","overlay-color":"","overlay-gradient":""},"tablet":{"background-color":"var(--ast-global-color-5)","background-image":"","background-repeat":"repeat","background-position":"center center","background-size":"auto","background-attachment":"scroll","background-type":"","background-media":"","overlay-type":"","overlay-color":"","overlay-gradient":""},"mobile":{"background-color":"var(--ast-global-color-5)","background-image":"","background-repeat":"repeat","background-position":"center center","background-size":"auto","background-attachment":"scroll","background-type":"","background-media":"","overlay-type":"","overlay-color":"","overlay-gradient":""}},"footnotes":""},"yoast_head":"<!-- This site is optimized with the Yoast SEO plugin v22.5 - https:\/\/yoast.com\/wordpress\/plugins\/seo\/ -->\n<title>Impressum - mymedireg.de<\/title>\n<meta name=\"robots\" content=\"index, follow, max-snippet:-1, max-image-preview:large, max-video-preview:-1\" \/>\n<link rel=\"canonical\" href=\"https:\/\/mymedireg.de\/index.php\/impressum\/\" \/>\n<meta property=\"og:locale\" content=\"de_DE\" \/>\n<meta property=\"og:type\" content=\"article\" \/>\n<meta property=\"og:title\" content=\"Impressum - mymedireg.de\" \/>\n<meta property=\"og:description\" content=\"Diese Website wird gemeinsam betrieben von: Quantum Insights GmbHAm Sonnenrain 1279589 BinzenTel: +49 151 511 39203E-Mail: paul.suffel@quantum-insights.de Registereintrag:Eingetragen im HandelsregisterRegistergericht: [&hellip;]\" \/>\n<meta property=\"og:url\" content=\"https:\/\/mymedireg.de\/index.php\/impressum\/\" \/>\n<meta property=\"og:site_name\" content=\"mymedireg.de\" \/>\n<meta property=\"article:modified_time\" content=\"2024-04-16T14:11:38+00:00\" \/>\n<meta property=\"og:image\" content=\"https:\/\/mymedireg.de\/wp-content\/uploads\/2024\/03\/QI-White-logo-2400x1800-1-300x225.jpeg\" \/>\n<meta name=\"twitter:card\" content=\"summary_large_image\" \/>\n<meta name=\"twitter:label1\" content=\"Gesch\u00e4tzte Lesezeit\" \/>\n\t<meta name=\"twitter:data1\" content=\"5\u00a0Minuten\" \/>\n<script type=\"application\/ld+json\" class=\"yoast-schema-graph\">{\"@context\":\"https:\/\/schema.org\",\"@graph\":[{\"@type\":\"WebPage\",\"@id\":\"https:\/\/mymedireg.de\/index.php\/impressum\/\",\"url\":\"https:\/\/mymedireg.de\/index.php\/impressum\/\",\"name\":\"Impressum - mymedireg.de\",\"isPartOf\":{\"@id\":\"https:\/\/mymedireg.de\/#website\"},\"primaryImageOfPage\":{\"@id\":\"https:\/\/mymedireg.de\/index.php\/impressum\/#primaryimage\"},\"image\":{\"@id\":\"https:\/\/mymedireg.de\/index.php\/impressum\/#primaryimage\"},\"thumbnailUrl\":\"https:\/\/mymedireg.de\/wp-content\/uploads\/2024\/03\/QI-White-logo-2400x1800-1-300x225.jpeg\",\"datePublished\":\"2024-03-26T08:55:29+00:00\",\"dateModified\":\"2024-04-16T14:11:38+00:00\",\"breadcrumb\":{\"@id\":\"https:\/\/mymedireg.de\/index.php\/impressum\/#breadcrumb\"},\"inLanguage\":\"de\",\"potentialAction\":[{\"@type\":\"ReadAction\",\"target\":[\"https:\/\/mymedireg.de\/index.php\/impressum\/\"]}]},{\"@type\":\"ImageObject\",\"inLanguage\":\"de\",\"@id\":\"https:\/\/mymedireg.de\/index.php\/impressum\/#primaryimage\",\"url\":\"https:\/\/mymedireg.de\/wp-content\/uploads\/2024\/03\/QI-White-logo-2400x1800-1.jpeg\",\"contentUrl\":\"https:\/\/mymedireg.de\/wp-content\/uploads\/2024\/03\/QI-White-logo-2400x1800-1.jpeg\",\"width\":2400,\"height\":1800},{\"@type\":\"BreadcrumbList\",\"@id\":\"https:\/\/mymedireg.de\/index.php\/impressum\/#breadcrumb\",\"itemListElement\":[{\"@type\":\"ListItem\",\"position\":1,\"name\":\"Startseite\",\"item\":\"https:\/\/mymedireg.de\/\"},{\"@type\":\"ListItem\",\"position\":2,\"name\":\"Impressum\"}]},{\"@type\":\"WebSite\",\"@id\":\"https:\/\/mymedireg.de\/#website\",\"url\":\"https:\/\/mymedireg.de\/\",\"name\":\"mymedireg.de\",\"description\":\"Vertrauen verbindet, Sicherheit sch\u00fctzt.\",\"publisher\":{\"@id\":\"https:\/\/mymedireg.de\/#organization\"},\"potentialAction\":[{\"@type\":\"SearchAction\",\"target\":{\"@type\":\"EntryPoint\",\"urlTemplate\":\"https:\/\/mymedireg.de\/?s={search_term_string}\"},\"query-input\":\"required name=search_term_string\"}],\"inLanguage\":\"de\"},{\"@type\":\"Organization\",\"@id\":\"https:\/\/mymedireg.de\/#organization\",\"name\":\"MyMediReg\",\"url\":\"https:\/\/mymedireg.de\/\",\"logo\":{\"@type\":\"ImageObject\",\"inLanguage\":\"de\",\"@id\":\"https:\/\/mymedireg.de\/#\/schema\/logo\/image\/\",\"url\":\"https:\/\/mymedireg.de\/wp-content\/uploads\/2024\/02\/Bildschirmfoto-2024-02-16-um-13.44.35.png\",\"contentUrl\":\"https:\/\/mymedireg.de\/wp-content\/uploads\/2024\/02\/Bildschirmfoto-2024-02-16-um-13.44.35.png\",\"width\":399,\"height\":401,\"caption\":\"MyMediReg\"},\"image\":{\"@id\":\"https:\/\/mymedireg.de\/#\/schema\/logo\/image\/\"}}]}<\/script>\n<!-- \/ Yoast SEO plugin. -->","yoast_head_json":{"title":"Impressum - mymedireg.de","robots":{"index":"index","follow":"follow","max-snippet":"max-snippet:-1","max-image-preview":"max-image-preview:large","max-video-preview":"max-video-preview:-1"},"canonical":"https:\/\/mymedireg.de\/index.php\/impressum\/","og_locale":"de_DE","og_type":"article","og_title":"Impressum - mymedireg.de","og_description":"Diese Website wird gemeinsam betrieben von: Quantum Insights GmbHAm Sonnenrain 1279589 BinzenTel: +49 151 511 39203E-Mail: paul.suffel@quantum-insights.de Registereintrag:Eingetragen im HandelsregisterRegistergericht: [&hellip;]","og_url":"https:\/\/mymedireg.de\/index.php\/impressum\/","og_site_name":"mymedireg.de","article_modified_time":"2024-04-16T14:11:38+00:00","og_image":[{"url":"https:\/\/mymedireg.de\/wp-content\/uploads\/2024\/03\/QI-White-logo-2400x1800-1-300x225.jpeg"}],"twitter_card":"summary_large_image","twitter_misc":{"Gesch\u00e4tzte Lesezeit":"5\u00a0Minuten"},"schema":{"@context":"https:\/\/schema.org","@graph":[{"@type":"WebPage","@id":"https:\/\/mymedireg.de\/index.php\/impressum\/","url":"https:\/\/mymedireg.de\/index.php\/impressum\/","name":"Impressum - mymedireg.de","isPartOf":{"@id":"https:\/\/mymedireg.de\/#website"},"primaryImageOfPage":{"@id":"https:\/\/mymedireg.de\/index.php\/impressum\/#primaryimage"},"image":{"@id":"https:\/\/mymedireg.de\/index.php\/impressum\/#primaryimage"},"thumbnailUrl":"https:\/\/mymedireg.de\/wp-content\/uploads\/2024\/03\/QI-White-logo-2400x1800-1-300x225.jpeg","datePublished":"2024-03-26T08:55:29+00:00","dateModified":"2024-04-16T14:11:38+00:00","breadcrumb":{"@id":"https:\/\/mymedireg.de\/index.php\/impressum\/#breadcrumb"},"inLanguage":"de","potentialAction":[{"@type":"ReadAction","target":["https:\/\/mymedireg.de\/index.php\/impressum\/"]}]},{"@type":"ImageObject","inLanguage":"de","@id":"https:\/\/mymedireg.de\/index.php\/impressum\/#primaryimage","url":"https:\/\/mymedireg.de\/wp-content\/uploads\/2024\/03\/QI-White-logo-2400x1800-1.jpeg","contentUrl":"https:\/\/mymedireg.de\/wp-content\/uploads\/2024\/03\/QI-White-logo-2400x1800-1.jpeg","width":2400,"height":1800},{"@type":"BreadcrumbList","@id":"https:\/\/mymedireg.de\/index.php\/impressum\/#breadcrumb","itemListElement":[{"@type":"ListItem","position":1,"name":"Startseite","item":"https:\/\/mymedireg.de\/"},{"@type":"ListItem","position":2,"name":"Impressum"}]},{"@type":"WebSite","@id":"https:\/\/mymedireg.de\/#website","url":"https:\/\/mymedireg.de\/","name":"mymedireg.de","description":"Vertrauen verbindet, Sicherheit sch\u00fctzt.","publisher":{"@id":"https:\/\/mymedireg.de\/#organization"},"potentialAction":[{"@type":"SearchAction","target":{"@type":"EntryPoint","urlTemplate":"https:\/\/mymedireg.de\/?s={search_term_string}"},"query-input":"required name=search_term_string"}],"inLanguage":"de"},{"@type":"Organization","@id":"https:\/\/mymedireg.de\/#organization","name":"MyMediReg","url":"https:\/\/mymedireg.de\/","logo":{"@type":"ImageObject","inLanguage":"de","@id":"https:\/\/mymedireg.de\/#\/schema\/logo\/image\/","url":"https:\/\/mymedireg.de\/wp-content\/uploads\/2024\/02\/Bildschirmfoto-2024-02-16-um-13.44.35.png","contentUrl":"https:\/\/mymedireg.de\/wp-content\/uploads\/2024\/02\/Bildschirmfoto-2024-02-16-um-13.44.35.png","width":399,"height":401,"caption":"MyMediReg"},"image":{"@id":"https:\/\/mymedireg.de\/#\/schema\/logo\/image\/"}}]}},"_links":{"self":[{"href":"https:\/\/mymedireg.de\/index.php\/wp-json\/wp\/v2\/pages\/121"}],"collection":[{"href":"https:\/\/mymedireg.de\/index.php\/wp-json\/wp\/v2\/pages"}],"about":[{"href":"https:\/\/mymedireg.de\/index.php\/wp-json\/wp\/v2\/types\/page"}],"author":[{"embeddable":true,"href":"https:\/\/mymedireg.de\/index.php\/wp-json\/wp\/v2\/users\/1"}],"replies":[{"embeddable":true,"href":"https:\/\/mymedireg.de\/index.php\/wp-json\/wp\/v2\/comments?post=121"}],"version-history":[{"count":9,"href":"https:\/\/mymedireg.de\/index.php\/wp-json\/wp\/v2\/pages\/121\/revisions"}],"predecessor-version":[{"id":166,"href":"https:\/\/mymedireg.de\/index.php\/wp-json\/wp\/v2\/pages\/121\/revisions\/166"}],"wp:attachment":[{"href":"https:\/\/mymedireg.de\/index.php\/wp-json\/wp\/v2\/media?parent=121"}],"curies":[{"name":"wp","href":"https:\/\/api.w.org\/{rel}","templated":true}]}}